{"id":20,"date":"2017-04-26T12:10:55","date_gmt":"2017-04-26T12:10:55","guid":{"rendered":"http:\/\/www.alinnova.ch\/?page_id=20"},"modified":"2017-05-04T13:38:33","modified_gmt":"2017-05-04T13:38:33","slug":"schulungen","status":"publish","type":"page","link":"https:\/\/www.alinnova.ch\/index.php\/schulungen\/","title":{"rendered":"Schulung"},"content":{"rendered":"<hr \/>\n<p><a href=\"https:\/\/www.alinnova.ch\/wp-content\/uploads\/2017\/04\/petrischale5.png\"><img loading=\"lazy\" class=\"alignnone wp-image-82 size-thumbnail\" src=\"https:\/\/www.alinnova.ch\/wp-content\/uploads\/2017\/04\/petrischale5-150x150.png\" alt=\"\" width=\"150\" height=\"150\" srcset=\"https:\/\/www.alinnova.ch\/wp-content\/uploads\/2017\/04\/petrischale5-150x150.png 150w, https:\/\/www.alinnova.ch\/wp-content\/uploads\/2017\/04\/petrischale5.png 220w\" sizes=\"(max-width: 150px) 100vw, 150px\" \/><\/a><\/p>\n<p><strong>Mitarbeiterschulungen sind gesetzlich vorgeschrieben<\/strong><\/p>\n<p>\u201eDie verantwortliche Person hat zu gew\u00e4hrleisten, dass Betriebsangestellte, die mit Lebensmitteln umgehen, entsprechend ihrer T\u00e4tigkeit \u00fcberwacht und in Fragen der Lebensmittelhygiene angewiesen oder geschult sind. Angestellte, die f\u00fcr die Entwicklung und Anwendung der guten Verfahrenspraxis zust\u00e4ndig sind, m\u00fcssen in allen Fragen der Anwendung der HACCP-Grunds\u00e4tze angemessen geschult sein.\u201c<\/p>\n<p>Wichtigste Regeln bez\u00fcglich Personal-, Betriebs- und Lebensmittelhygiene m\u00fcssen allen Mitarbeitenden bekannt sein.<\/p>\n<p>Die Themen der auf den Betrieb zugeschnittenen Schulungen k\u00f6nnen in individueller Form von Modulen oder auch einzeln durchgef\u00fchrt werden.<\/p>\n<p>Die Kurse finden in Ihrem Betrieb statt, so dass der Zeitaufwand gering bleibt und keine zus\u00e4tzlichen Kosten anfallen.<\/p>\n<p>M\u00f6gliche Themen:<\/p>\n<ul>\n<li>Personalhygiene: K\u00f6rper-\/H\u00e4ndehygiene, Arbeitskleidung, Verhalten bei Krankheiten, Verletzungen<\/li>\n<li>Betriebshygiene: Reinigung\/Desinfektion, Geschirrpflege, Abfall- und Sch\u00e4dlingsmanagement<\/li>\n<li>Lebensmittelhygiene: kritische Punkte und Vorschriften im Umgang mit Lebensmitteln von der Anlieferung bis zum Verkauf<\/li>\n<li>HACCP- Workshops<\/li>\n<li>Methodikkurse: Sie erhalten die Grundlagen, um eigene Schulungen in Ihrem Betrieb planen und durchf\u00fchren zu k\u00f6nnen<\/li>\n<\/ul>\n<p><a href=\"https:\/\/www.alinnova.ch\/index.php\/referenzen\/\">Referenzen<\/a><\/p>\n","protected":false},"excerpt":{"rendered":"<p>Mitarbeiterschulungen sind gesetzlich vorgeschrieben \u201eDie verantwortliche Person hat zu gew\u00e4hrleisten, dass Betriebsangestellte, die mit Lebensmitteln umgehen, entsprechend ihrer T\u00e4tigkeit \u00fcberwacht und in Fragen der Lebensmittelhygiene angewiesen oder geschult sind. Angestellte, die f\u00fcr die Entwicklung und Anwendung der guten Verfahrenspraxis zust\u00e4ndig <span class=\"readmore\"><a href=\"https:\/\/www.alinnova.ch\/index.php\/schulungen\/\">Weiterlesen<\/a><\/span><\/p>\n","protected":false},"author":1,"featured_media":0,"parent":0,"menu_order":0,"comment_status":"closed","ping_status":"closed","template":"","meta":[],"_links":{"self":[{"href":"https:\/\/www.alinnova.ch\/index.php\/wp-json\/wp\/v2\/pages\/20"}],"collection":[{"href":"https:\/\/www.alinnova.ch\/index.php\/wp-json\/wp\/v2\/pages"}],"about":[{"href":"https:\/\/www.alinnova.ch\/index.php\/wp-json\/wp\/v2\/types\/page"}],"author":[{"embeddable":true,"href":"https:\/\/www.alinnova.ch\/index.php\/wp-json\/wp\/v2\/users\/1"}],"replies":[{"embeddable":true,"href":"https:\/\/www.alinnova.ch\/index.php\/wp-json\/wp\/v2\/comments?post=20"}],"version-history":[{"count":8,"href":"https:\/\/www.alinnova.ch\/index.php\/wp-json\/wp\/v2\/pages\/20\/revisions"}],"predecessor-version":[{"id":258,"href":"https:\/\/www.alinnova.ch\/index.php\/wp-json\/wp\/v2\/pages\/20\/revisions\/258"}],"wp:attachment":[{"href":"https:\/\/www.alinnova.ch\/index.php\/wp-json\/wp\/v2\/media?parent=20"}],"curies":[{"name":"wp","href":"https:\/\/api.w.org\/{rel}","templated":true}]}}