{"id":24,"date":"2017-04-26T12:15:04","date_gmt":"2017-04-26T12:15:04","guid":{"rendered":"http:\/\/www.alinnova.ch\/?page_id=24"},"modified":"2017-04-27T13:27:07","modified_gmt":"2017-04-27T13:27:07","slug":"konzepte","status":"publish","type":"page","link":"https:\/\/www.alinnova.ch\/index.php\/konzepte\/","title":{"rendered":"Konzepte"},"content":{"rendered":"<hr \/>\n<p><a href=\"https:\/\/www.alinnova.ch\/wp-content\/uploads\/2017\/04\/petrischale2.png\"><img loading=\"lazy\" class=\"alignnone wp-image-80 size-thumbnail\" src=\"https:\/\/www.alinnova.ch\/wp-content\/uploads\/2017\/04\/petrischale2-150x150.png\" alt=\"\" width=\"150\" height=\"150\" srcset=\"https:\/\/www.alinnova.ch\/wp-content\/uploads\/2017\/04\/petrischale2-150x150.png 150w, https:\/\/www.alinnova.ch\/wp-content\/uploads\/2017\/04\/petrischale2.png 220w\" sizes=\"(max-width: 150px) 100vw, 150px\" \/><\/a><\/p>\n<p>Das Angebot besteht aus:<\/p>\n<ul>\n<li>einer ersten Hygiene-Betriebskontrolle zur Standortbestimmung (inkl. Massnahmenplanung f\u00fcr Ihren Betrieb)<\/li>\n<li>dem Erarbeiten und der Einf\u00fchrung Ihres individuellen Hygienekonzeptes nach den Grunds\u00e4tzen des HACCP-Systems (inkl. Gefahrenanalyse, Anweisungen, Checklisten in digitaler Form)<\/li>\n<li>Instruktion\/Schulung der Mitarbeitenden<\/li>\n<li>Auf Wunsch Zusammenarbeit mit einem mikrobiologischen Labor f\u00fcr die Durchf\u00fchrung vorgeschriebener Laboranalysen zur \u00dcberpr\u00fcfung der guten Verfahrenspraxis<\/li>\n<li>regelm\u00e4ssigen Hygienekontrollen nach Absprache<\/li>\n<\/ul>\n","protected":false},"excerpt":{"rendered":"<p>Das Angebot besteht aus: einer ersten Hygiene-Betriebskontrolle zur Standortbestimmung (inkl. Massnahmenplanung f\u00fcr Ihren Betrieb) dem Erarbeiten und der Einf\u00fchrung Ihres individuellen Hygienekonzeptes nach den Grunds\u00e4tzen des HACCP-Systems (inkl. Gefahrenanalyse, Anweisungen, Checklisten in digitaler Form) Instruktion\/Schulung der Mitarbeitenden Auf Wunsch Zusammenarbeit <span class=\"readmore\"><a href=\"https:\/\/www.alinnova.ch\/index.php\/konzepte\/\">Weiterlesen<\/a><\/span><\/p>\n","protected":false},"author":1,"featured_media":0,"parent":0,"menu_order":0,"comment_status":"closed","ping_status":"closed","template":"","meta":[],"_links":{"self":[{"href":"https:\/\/www.alinnova.ch\/index.php\/wp-json\/wp\/v2\/pages\/24"}],"collection":[{"href":"https:\/\/www.alinnova.ch\/index.php\/wp-json\/wp\/v2\/pages"}],"about":[{"href":"https:\/\/www.alinnova.ch\/index.php\/wp-json\/wp\/v2\/types\/page"}],"author":[{"embeddable":true,"href":"https:\/\/www.alinnova.ch\/index.php\/wp-json\/wp\/v2\/users\/1"}],"replies":[{"embeddable":true,"href":"https:\/\/www.alinnova.ch\/index.php\/wp-json\/wp\/v2\/comments?post=24"}],"version-history":[{"count":3,"href":"https:\/\/www.alinnova.ch\/index.php\/wp-json\/wp\/v2\/pages\/24\/revisions"}],"predecessor-version":[{"id":223,"href":"https:\/\/www.alinnova.ch\/index.php\/wp-json\/wp\/v2\/pages\/24\/revisions\/223"}],"wp:attachment":[{"href":"https:\/\/www.alinnova.ch\/index.php\/wp-json\/wp\/v2\/media?parent=24"}],"curies":[{"name":"wp","href":"https:\/\/api.w.org\/{rel}","templated":true}]}}