{"id":37,"date":"2017-04-26T12:32:59","date_gmt":"2017-04-26T12:32:59","guid":{"rendered":"http:\/\/www.alinnova.ch\/?page_id=37"},"modified":"2021-08-26T04:12:04","modified_gmt":"2021-08-26T04:12:04","slug":"impressum","status":"publish","type":"page","link":"https:\/\/www.alinnova.ch\/index.php\/impressum\/","title":{"rendered":"Impressum"},"content":{"rendered":"<hr \/>\n<p>Kontaktadresse<br \/>\nAlinnova GmbH<br \/>\nM\u00fchlemattstrasse 23<br \/>\n6004 Luzern<br \/>\nSchweiz<br \/>\ninfo[at]alinnova.ch<\/p>\n<hr \/>\n<p>Vertretungsberechtigte Personen<br \/>\nMarianne Dubs<\/p>\n<hr \/>\n<p>Handelsregistereintrag<br \/>\nEingetragener Firmenname: Alinnova GmbH<br \/>\nNummer: CHE-112.870.994<br \/>\nHandelsregisteramt: Luzern<\/p>\n<hr \/>\n<p>Haftungsausschluss<br \/>\nDer Autor \u00fcbernimmt keinerlei Gew\u00e4hr hinsichtlich der inhaltlichen Richtigkeit, Genauigkeit, Aktualit\u00e4t, Zuverl\u00e4ssigkeit und Vollst\u00e4ndigkeit der Informationen.<br \/>\nHaftungsanspr\u00fcche gegen den Autor wegen Sch\u00e4den materieller oder immaterieller Art, welche aus dem Zugriff oder der Nutzung bzw. Nichtnutzung der ver\u00f6ffentlichten Informationen, durch Missbrauch der Verbindung oder durch technische St\u00f6rungen entstanden sind, werden ausgeschlossen.<br \/>\nAlle\u00a0 Angebote sind unverbindlich. Der Autor beh\u00e4lt es sich ausdr\u00fccklich vor, Teile der Seiten oder das gesamte Angebot ohne gesonderte Ank\u00fcndigung zu ver\u00e4ndern, zu erg\u00e4nzen, zu l\u00f6schen oder die Ver\u00f6ffentlichung zeitweise oder endg\u00fcltig einzustellen.<\/p>\n<hr \/>\n<p>Haftung f\u00fcr Links<br \/>\nVerweise und Links auf Webseiten Dritter liegen ausserhalb unseres Verantwortungsbereichs. Es wird jegliche Verantwortung f\u00fcr solche Webseiten abgelehnt. Der Zugriff und die Nutzung solcher Webseiten erfolgen auf eigene Gefahr des Nutzers oder der Nutzerin.<\/p>\n<hr \/>\n<p>Urheberrechte<br \/>\nDie Urheber- und alle anderen Rechte an Inhalten, Bildern, Fotos oder anderen Dateien auf der Website geh\u00f6ren ausschliesslich der Firma Alinnova GmbH oder den speziell genannten\u00a0 Rechtsinhabern. F\u00fcr die Reproduktion jeglicher Elemente ist die schriftliche Zustimmung der Urheberrechtstr\u00e4ger im Voraus einzuholen.<\/p>\n","protected":false},"excerpt":{"rendered":"<p>Kontaktadresse Alinnova GmbH M\u00fchlemattstrasse 23 6004 Luzern Schweiz info[at]alinnova.ch Vertretungsberechtigte Personen Marianne Dubs Handelsregistereintrag Eingetragener Firmenname: Alinnova GmbH Nummer: CHE-112.870.994 Handelsregisteramt: Luzern Haftungsausschluss Der Autor \u00fcbernimmt keinerlei Gew\u00e4hr hinsichtlich der inhaltlichen Richtigkeit, Genauigkeit, Aktualit\u00e4t, Zuverl\u00e4ssigkeit und Vollst\u00e4ndigkeit der Informationen. Haftungsanspr\u00fcche <span class=\"readmore\"><a href=\"https:\/\/www.alinnova.ch\/index.php\/impressum\/\">Weiterlesen<\/a><\/span><\/p>\n","protected":false},"author":1,"featured_media":0,"parent":0,"menu_order":0,"comment_status":"closed","ping_status":"closed","template":"","meta":[],"_links":{"self":[{"href":"https:\/\/www.alinnova.ch\/index.php\/wp-json\/wp\/v2\/pages\/37"}],"collection":[{"href":"https:\/\/www.alinnova.ch\/index.php\/wp-json\/wp\/v2\/pages"}],"about":[{"href":"https:\/\/www.alinnova.ch\/index.php\/wp-json\/wp\/v2\/types\/page"}],"author":[{"embeddable":true,"href":"https:\/\/www.alinnova.ch\/index.php\/wp-json\/wp\/v2\/users\/1"}],"replies":[{"embeddable":true,"href":"https:\/\/www.alinnova.ch\/index.php\/wp-json\/wp\/v2\/comments?post=37"}],"version-history":[{"count":2,"href":"https:\/\/www.alinnova.ch\/index.php\/wp-json\/wp\/v2\/pages\/37\/revisions"}],"predecessor-version":[{"id":558,"href":"https:\/\/www.alinnova.ch\/index.php\/wp-json\/wp\/v2\/pages\/37\/revisions\/558"}],"wp:attachment":[{"href":"https:\/\/www.alinnova.ch\/index.php\/wp-json\/wp\/v2\/media?parent=37"}],"curies":[{"name":"wp","href":"https:\/\/api.w.org\/{rel}","templated":true}]}}