{"id":94,"date":"2017-04-26T13:02:14","date_gmt":"2017-04-26T13:02:14","guid":{"rendered":"http:\/\/www.alinnova.ch\/?page_id=94"},"modified":"2017-09-27T13:52:15","modified_gmt":"2017-09-27T13:52:15","slug":"das-neue-lebensmittelrecht-2017","status":"publish","type":"page","link":"https:\/\/www.alinnova.ch\/index.php\/das-neue-lebensmittelrecht-2017\/","title":{"rendered":"Das neue Lebensmittelrecht 2017"},"content":{"rendered":"<hr \/>\n<p>Mehr Schutz f\u00fcr die Gesundheit und vor T\u00e4uschung, weniger Barrieren f\u00fcr den Handel: Dies sind die Kernpunkte des neuen Schweizer Lebensmittelrechts.<\/p>\n<p>Gesundheitsrelevante Bestimmungen traten per 1. Mai 2017 in Kraft, Deklarationsvorschriften nach einer \u00dcbergangsfrist von vier Jahren, was die Umsetzungskosten auf ein Minimum reduziert.<\/p>\n<p><strong>Das neue <a href=\"https:\/\/www.alinnova.ch\/index.php\/fachbuch\/\">Fachbuch<\/a> zum Lebensmittelrecht 2017 ist erh\u00e4ltlich und kann <a href=\"https:\/\/www.alinnova.ch\/index.php\/bestellung\/\">hier<\/a> online bestellt werden.<br \/>\n<\/strong><\/p>\n<p>Link zu einem kurzen Film vom Bundesamt f\u00fcr Lebensmittelsicherheit und Veterin\u00e4rwesen (BLV):<\/p>\n<p><a href=\"https:\/\/youtu.be\/ZAiTY57-tlc\" target=\"_blank\" rel=\"noopener noreferrer\">https:\/\/youtu.be\/ZAiTY57-tlc<\/a><\/p>\n<p>Unter diesen Links gelangen Sie zu den aktuellen Verordnungen und Erl\u00e4uterungen dazu:<\/p>\n<p><a href=\"https:\/\/www.blv.admin.ch\/blv\/de\/home\/lebensmittel-und-ernaehrung\/rechts-und-vollzugsgrundlagen\/lebensmittelrecht-2017.html\" target=\"_blank\" rel=\"noopener noreferrer\">https:\/\/www.blv.admin.ch\/blv\/de\/home\/lebensmittel-und-ernaehrung\/rechts-und-vollzugsgrundlagen\/lebensmittelrecht-2017.html<\/a><\/p>\n<p><a href=\"https:\/\/www.blv.admin.ch\/blv\/de\/home\/lebensmittel-und-ernaehrung\/rechts-und-vollzugsgrundlagen\/gesetzgebung-lme\/verordnungen-und-erlaeuterungen-lebensmittelrecht-2017.html\" target=\"_blank\" rel=\"noopener noreferrer\">https:\/\/www.blv.admin.ch\/blv\/de\/home\/lebensmittel-und-ernaehrung\/rechts-und-vollzugsgrundlagen\/gesetzgebung-Ime\/verordnungen-und-erlaeuterungen-lebensmittelrecht-2017.html<\/a><\/p>\n<p>&nbsp;<\/p>\n","protected":false},"excerpt":{"rendered":"<p>Mehr Schutz f\u00fcr die Gesundheit und vor T\u00e4uschung, weniger Barrieren f\u00fcr den Handel: Dies sind die Kernpunkte des neuen Schweizer Lebensmittelrechts. Gesundheitsrelevante Bestimmungen traten per 1. Mai 2017 in Kraft, Deklarationsvorschriften nach einer \u00dcbergangsfrist von vier Jahren, was die Umsetzungskosten <span class=\"readmore\"><a href=\"https:\/\/www.alinnova.ch\/index.php\/das-neue-lebensmittelrecht-2017\/\">Weiterlesen<\/a><\/span><\/p>\n","protected":false},"author":1,"featured_media":0,"parent":0,"menu_order":0,"comment_status":"closed","ping_status":"closed","template":"","meta":[],"_links":{"self":[{"href":"https:\/\/www.alinnova.ch\/index.php\/wp-json\/wp\/v2\/pages\/94"}],"collection":[{"href":"https:\/\/www.alinnova.ch\/index.php\/wp-json\/wp\/v2\/pages"}],"about":[{"href":"https:\/\/www.alinnova.ch\/index.php\/wp-json\/wp\/v2\/types\/page"}],"author":[{"embeddable":true,"href":"https:\/\/www.alinnova.ch\/index.php\/wp-json\/wp\/v2\/users\/1"}],"replies":[{"embeddable":true,"href":"https:\/\/www.alinnova.ch\/index.php\/wp-json\/wp\/v2\/comments?post=94"}],"version-history":[{"count":7,"href":"https:\/\/www.alinnova.ch\/index.php\/wp-json\/wp\/v2\/pages\/94\/revisions"}],"predecessor-version":[{"id":390,"href":"https:\/\/www.alinnova.ch\/index.php\/wp-json\/wp\/v2\/pages\/94\/revisions\/390"}],"wp:attachment":[{"href":"https:\/\/www.alinnova.ch\/index.php\/wp-json\/wp\/v2\/media?parent=94"}],"curies":[{"name":"wp","href":"https:\/\/api.w.org\/{rel}","templated":true}]}}